{"id":3388,"date":"2023-11-08T14:39:25","date_gmt":"2023-11-08T13:39:25","guid":{"rendered":"https:\/\/novo.domainedeperches.com\/table-dhotes\/"},"modified":"2024-01-09T13:39:15","modified_gmt":"2024-01-09T12:39:15","slug":"table-dhotes","status":"publish","type":"page","link":"https:\/\/domainedeperches.com\/en\/table-dhotes\/","title":{"rendered":"TABLE D\u2019H\u00d4TES"},"content":{"rendered":"<section class=\"wpb-content-wrapper\"><p>[vc_row css=&#8221;.vc_custom_1695299292361{margin-top: 70px !important;}&#8221;][vc_column width=&#8221;1\/6&#8243;][\/vc_column][vc_column width=&#8221;2\/3&#8243;][vc_empty_space height=&#8221;50px&#8221;]<div id=\"ultimate-heading-720369f5f60a03f54\" class=\"uvc-heading ult-adjust-bottom-margin ultimate-heading-720369f5f60a03f54 uvc-5535 \" data-hspacer=\"line_only\"  data-halign=\"center\" style=\"text-align:center\"><div class=\"uvc-main-heading ult-responsive\"  data-ultimate-target='.uvc-heading.ultimate-heading-720369f5f60a03f54 h2'  data-responsive-json-new='{\"font-size\":\"desktop:30px;\",\"line-height\":\"\"}' ><h2 style=\"font-family:&#039;EB Garamond&#039;;--font-weight:theme;margin-bottom:35px;\">EATING AT PERCHES<\/h2><\/div><div class=\"uvc-heading-spacer line_only\" style=\"topheight:1px;\"><span class=\"uvc-headings-line\" style=\"border-style:double;border-bottom-width:1px;border-color:#a0a0a0;width:150px;\"><\/span><\/div><\/div>[vc_empty_space height=&#8221;25&#8243;]<div id=\"ultimate-heading-142069f5f60a03f8d\" class=\"uvc-heading ult-adjust-bottom-margin ultimate-heading-142069f5f60a03f8d uvc-8232 \" data-hspacer=\"no_spacer\"  data-halign=\"center\" style=\"text-align:center\"><div class=\"uvc-heading-spacer no_spacer\" style=\"top\"><\/div><div class=\"uvc-sub-heading ult-responsive\"  data-ultimate-target='.uvc-heading.ultimate-heading-142069f5f60a03f8d .uvc-sub-heading '  data-responsive-json-new='{\"font-size\":\"\",\"line-height\":\"\"}'  style=\"font-weight:normal;\"><\/p>\n<h3 style=\"text-align: center;\"><em>Please inform us in advance about any food allergies or dislikes.<\/em><\/h3>\n<p><\/div><\/div>[vc_empty_space height=&#8221;25&#8243;]<div id=\"ultimate-heading-701669f5f60a03fab\" class=\"uvc-heading ult-adjust-bottom-margin ultimate-heading-701669f5f60a03fab uvc-637 \" data-hspacer=\"line_only\"  data-halign=\"center\" style=\"text-align:center\"><div class=\"uvc-heading-spacer line_only\" style=\"topheight:1px;\"><span class=\"uvc-headings-line\" style=\"border-style:double;border-bottom-width:1px;border-color:#a0a0a0;width:150px;\"><\/span><\/div><\/div>[\/vc_column][vc_column width=&#8221;1\/6&#8243;][\/vc_column][\/vc_row][vc_row content_placement=&#8221;middle&#8221; css=&#8221;.vc_custom_1695897582959{margin-top: 70px !important;margin-right: 0px !important;margin-left: 0px !important;padding-bottom: 80px !important;}&#8221;][vc_column parallax=&#8221;content-moving&#8221; parallax_image=&#8221;2757&#8243; width=&#8221;1\/2&#8243; css=&#8221;.vc_custom_1699451390024{margin-top: -60px !important;margin-right: 0px !important;padding-top: 200px !important;padding-right: 400px !important;padding-bottom: 200px !important;padding-left: 400px !important;background-position: center !important;background-repeat: no-repeat !important;background-size: cover !important;}&#8221;][\/vc_column][vc_column width=&#8221;1\/2&#8243; css=&#8221;.vc_custom_1565094314911{padding-top: 140px !important;padding-right: 80px !important;padding-bottom: 130px !important;padding-left: 80px !important;background-color: #ffffff !important;}&#8221;]<div id=\"ultimate-heading-40569f5f60a03fc6\" class=\"uvc-heading ult-adjust-bottom-margin ultimate-heading-40569f5f60a03fc6 uvc-1834  uvc-heading-default-font-sizes\" data-hspacer=\"line_only\"  data-halign=\"left\" style=\"text-align:left\"><div class=\"uvc-main-heading ult-responsive\"  data-ultimate-target='.uvc-heading.ultimate-heading-40569f5f60a03fc6 h2'  data-responsive-json-new='{\"font-size\":\"\",\"line-height\":\"\"}' ><h2 style=\"font-family:&#039;EB Garamond&#039;;--font-weight:theme;margin-bottom:35px;\">CONTINENTAL BREAKFAST<\/h2><\/div><div class=\"uvc-heading-spacer line_only\" style=\"topheight:1px;\"><span class=\"uvc-headings-line\" style=\"border-style:double;border-bottom-width:1px;border-color:#a0a0a0;width:70px;\"><\/span><\/div><\/div>[vc_empty_space height=&#8221;40px&#8221;]<div id=\"ultimate-heading-681269f5f60a03fe3\" class=\"uvc-heading ult-adjust-bottom-margin ultimate-heading-681269f5f60a03fe3 uvc-7905  uvc-heading-default-font-sizes\" data-hspacer=\"no_spacer\"  data-halign=\"left\" style=\"text-align:left\"><div class=\"uvc-heading-spacer no_spacer\" style=\"top\"><\/div><div class=\"uvc-sub-heading ult-responsive\"  data-ultimate-target='.uvc-heading.ultimate-heading-681269f5f60a03fe3 .uvc-sub-heading '  data-responsive-json-new='{\"font-size\":\"\",\"line-height\":\"\"}'  style=\"font-weight:normal;\"><\/p>\n<p style=\"text-align: Justify;\">Depending on the season, continental breakfast is served indoors or outdoors, in one of the dining rooms, or on one of the covered terraces, or in the Orangery.<\/p>\n<p style=\"text-align: Justify;\">Our continental breakfast menu includes home-cooked croissants, a variety of local breads, organic muesli, freshly-squeezed orange juice, fresh fruits, organic home-made yoghurt, and a choice of cheeses.<\/p>\n<p style=\"text-align: Justify;\">We serve a variety of hot drinks: teas, coffee or hot chocolate.<\/p>\n<p><\/div><\/div>[vc_empty_space height=&#8221;25px&#8221;]<div class=\"standard-arrow list-divider bullet-top\"><ul>\n<li>From 8h30 to 10h00.<\/li>\n<\/ul>\n<\/div>[\/vc_column][\/vc_row][vc_row full_height=&#8221;yes&#8221; equal_height=&#8221;yes&#8221; content_placement=&#8221;middle&#8221; css=&#8221;.vc_custom_1700508711925{margin-top: 70px !important;margin-right: 0px !important;margin-left: 0px !important;padding-bottom: 80px !important;}&#8221;][vc_column parallax=&#8221;content-moving&#8221; width=&#8221;1\/2&#8243; css=&#8221;.vc_custom_1700508833232{margin-top: -60px !important;margin-right: 0px !important;padding-top: 30px !important;padding-right: 80px !important;padding-bottom: 40px !important;padding-left: 80px !important;background-color: #ffffff !important;background-position: center !important;background-repeat: no-repeat !important;background-size: cover !important;}&#8221;]<div id=\"ultimate-heading-661469f5f60a04036\" class=\"uvc-heading ult-adjust-bottom-margin ultimate-heading-661469f5f60a04036 uvc-9099  uvc-heading-default-font-sizes\" data-hspacer=\"line_only\"  data-halign=\"left\" style=\"text-align:left\"><div class=\"uvc-main-heading ult-responsive\"  data-ultimate-target='.uvc-heading.ultimate-heading-661469f5f60a04036 h2'  data-responsive-json-new='{\"font-size\":\"\",\"line-height\":\"\"}' ><h2 style=\"font-family:&#039;EB Garamond&#039;;--font-weight:theme;margin-top:60px;margin-bottom:35px;\">DINNER<\/h2><\/div><div class=\"uvc-heading-spacer line_only\" style=\"topheight:1px;\"><span class=\"uvc-headings-line\" style=\"border-style:double;border-bottom-width:1px;border-color:#a0a0a0;width:70px;\"><\/span><\/div><\/div>[vc_empty_space height=&#8221;40px&#8221;]<div id=\"ultimate-heading-258369f5f60a04054\" class=\"uvc-heading ult-adjust-bottom-margin ultimate-heading-258369f5f60a04054 uvc-7602  uvc-heading-default-font-sizes\" data-hspacer=\"no_spacer\"  data-halign=\"left\" style=\"text-align:left\"><div class=\"uvc-heading-spacer no_spacer\" style=\"top\"><\/div><div class=\"uvc-sub-heading ult-responsive\"  data-ultimate-target='.uvc-heading.ultimate-heading-258369f5f60a04054 .uvc-sub-heading '  data-responsive-json-new='{\"font-size\":\"\",\"line-height\":\"\"}'  style=\"font-weight:normal;\"><\/p>\n<p style=\"text-align: justify;\">We warmly welcome you to join us for dinner at the Domaine de Perches but please reserve before 10.15am, since each day we buy fresh, seasonal, produce which is locally sourced and mostly organic.<\/p>\n<p style=\"text-align: justify;\">We take great pleasure in working closely with our local suppliers. We especially like our neighbours\u2019 tomatoes, nectarines and peaches and the fantastic vegetables we find at the organic market on Tuesday in Gaillac.<\/p>\n<p style=\"text-align: justify;\">All in all, our meals are light and well-balanced, yet menus vary daily, reflecting what is on offer at local markets.<\/p>\n<p style=\"text-align: justify;\">Our dishes are accompanied by some exceptional local organic wines.<\/p>\n<p><\/div><\/div>[vc_empty_space height=&#8221;15px&#8221;]<div class=\"standard-arrow list-divider bullet-top\"><ul>\n<li>Aperitif is usually served at 7.30 in the West Courtyard or in one of the salons.<\/li>\n<li>Dinner then follows on the terrace or in one of the dining rooms at about 8.00pm.<\/li>\n<\/ul>\n<\/div>[vc_empty_space height=&#8221;15px&#8221;]<div id=\"ultimate-heading-936669f5f60a0408b\" class=\"uvc-heading ult-adjust-bottom-margin ultimate-heading-936669f5f60a0408b uvc-504  uvc-heading-default-font-sizes\" data-hspacer=\"no_spacer\"  data-halign=\"left\" style=\"text-align:left\"><div class=\"uvc-heading-spacer no_spacer\" style=\"top\"><\/div><div class=\"uvc-sub-heading ult-responsive\"  data-ultimate-target='.uvc-heading.ultimate-heading-936669f5f60a0408b .uvc-sub-heading '  data-responsive-json-new='{\"font-size\":\"\",\"line-height\":\"\"}'  style=\"font-weight:normal;\"><\/p>\n<p style=\"text-align: justify;\">Our priority is to ensure our guests enjoy all our dishes, so please let us know in advance about any dietary requirements, allergies or strong dislikes.<br \/>\nAll our eating areas are no smoking.<br \/>\nOur set menus cost 70\u20ac per person including aperitif, wine, coffee and tea.<\/p>\n<p><\/div><\/div>[\/vc_column][vc_column parallax=&#8221;content-moving&#8221; width=&#8221;1\/2&#8243; css=&#8221;.vc_custom_1700508969769{margin-right: 0px !important;padding-top: 600px !important;padding-bottom: 600px !important;background-image: url(http:\/\/novo.domainedeperches.com\/wp-content\/uploads\/2023\/11\/domaine-de-perches-las-repas-a.jpg?id=2931) !important;background-position: center !important;background-repeat: no-repeat !important;background-size: cover !important;}&#8221;][\/vc_column][\/vc_row][vc_row][vc_column][vc_empty_space height=&#8221;70px&#8221;]<div id=\"ultimate-heading-751369f5f60a040a5\" class=\"uvc-heading ult-adjust-bottom-margin ultimate-heading-751369f5f60a040a5 uvc-8318  uvc-heading-default-font-sizes\" data-hspacer=\"line_only\"  data-halign=\"center\" style=\"text-align:center\"><div class=\"uvc-main-heading ult-responsive\"  data-ultimate-target='.uvc-heading.ultimate-heading-751369f5f60a040a5 h2'  data-responsive-json-new='{\"font-size\":\"\",\"line-height\":\"\"}' ><h2 style=\"font-family:&#039;EB Garamond&#039;;--font-weight:theme;margin-bottom:35px;\">EXAMPLES OF RECENT MENUS<\/h2><\/div><div class=\"uvc-heading-spacer line_only\" style=\"topheight:1px;\"><span class=\"uvc-headings-line\" style=\"border-style:double;border-bottom-width:1px;border-color:#a0a0a0;width:70px;\"><\/span><\/div><\/div>[vc_row_inner equal_height=&#8221;yes&#8221; content_placement=&#8221;middle&#8221; css=&#8221;.vc_custom_1700488766346{margin-top: 70px !important;}&#8221;][vc_column_inner width=&#8221;1\/2&#8243; css=&#8221;.vc_custom_1700488849697{padding-top: 350px !important;padding-bottom: 350px !important;background-image: url(http:\/\/novo.domainedeperches.com\/wp-content\/uploads\/2023\/11\/domaine-de-perches-las-repas-1.jpg?id=2905) !important;background-position: center !important;background-repeat: no-repeat !important;background-size: cover !important;}&#8221;][\/vc_column_inner][vc_column_inner width=&#8221;1\/2&#8243; css=&#8221;.vc_custom_1699464021887{background-color: #ffffff !important;}&#8221;]<div class=\"standard-arrow list-divider bullet-top\"><ul>\n<li><em>Vichyssoise \u00e0 la ciboulette<\/em><\/li>\n<li><em>Salade de poires et cab\u00e9cou aux noix<\/em><\/li>\n<li><em>Crevettes au gingembre<\/em><\/li>\n<li><em>P\u00eache grill\u00e9e, yaourt de brebis, croquant de Cordes<\/em><\/li>\n<\/ul>\n<\/div>[\/vc_column_inner][\/vc_row_inner][vc_row_inner equal_height=&#8221;yes&#8221; content_placement=&#8221;middle&#8221; css=&#8221;.vc_custom_1699464443586{margin-top: 70px !important;margin-bottom: 80px !important;}&#8221;][vc_column_inner width=&#8221;1\/2&#8243; css=&#8221;.vc_custom_1699464404911{background-color: #ffffff !important;}&#8221;]<div class=\"standard-arrow list-divider bullet-top\"><ul>\n<li style=\"text-align: left;\"><em>Velout\u00e9 de carottes \u00e0 l\u2019orange<\/em><\/li>\n<li style=\"text-align: left;\"><em>Truite fum\u00e9e des Pyr\u00e9n\u00e9es, salade au pamplemousse rose<\/em><\/li>\n<li style=\"text-align: left;\"><em>M\u00e9daillon de veau \u00e0 l\u2019estragon<\/em><\/li>\n<li style=\"text-align: left;\"><em>Mousse au chocolat noir, salade d\u2019oranges et framboises<\/em><\/li>\n<\/ul>\n<\/div>[\/vc_column_inner][vc_column_inner width=&#8221;1\/2&#8243; css=&#8221;.vc_custom_1700489027974{padding-top: 350px !important;padding-bottom: 350px !important;background-image: url(http:\/\/novo.domainedeperches.com\/wp-content\/uploads\/2023\/11\/domaine-de-perches-las-repas-2.jpg?id=2906) !important;background-position: center !important;background-repeat: no-repeat !important;background-size: cover !important;}&#8221;][\/vc_column_inner][\/vc_row_inner][\/vc_column][\/vc_row]<\/p>\n<\/section>","protected":false},"excerpt":{"rendered":"<p>[vc_row css=&#8221;.vc_custom_1695299292361{margin-top: 70px !important;}&#8221;][vc_column width=&#8221;1\/6&#8243;][\/vc_column][vc_column width=&#8221;2\/3&#8243;][vc_empty_space height=&#8221;50px&#8221;][vc_empty_space height=&#8221;25&#8243;][vc_empty_space height=&#8221;25&#8243;][\/vc_column][vc_column width=&#8221;1\/6&#8243;][\/vc_column][\/vc_row][vc_row content_placement=&#8221;middle&#8221; css=&#8221;.vc_custom_1695897582959{margin-top: 70px !important;margin-right: 0px !important;margin-left: 0px !important;padding-bottom: 80px !important;}&#8221;][vc_column parallax=&#8221;content-moving&#8221; parallax_image=&#8221;2757&#8243; width=&#8221;1\/2&#8243; css=&#8221;.vc_custom_1699451390024{margin-top: -60px !important;margin-right: 0px !important;padding-top: 200px !important;padding-right: 400px !important;padding-bottom: 200px !important;padding-left: 400px !important;background-position: center !important;background-repeat: no-repeat !important;background-size: cover !important;}&#8221;][\/vc_column][vc_column width=&#8221;1\/2&#8243; css=&#8221;.vc_custom_1565094314911{padding-top: 140px !important;padding-right: 80px !important;padding-bottom: 130px !important;padding-left: 80px !important;background-color: #ffffff !important;}&#8221;][vc_empty_space height=&#8221;40px&#8221;][vc_empty_space&hellip;<\/p>\n","protected":false},"author":1,"featured_media":0,"parent":0,"menu_order":0,"comment_status":"closed","ping_status":"closed","template":"template-microsite.php","meta":{"footnotes":""},"class_list":["post-3388","page","type-page","status-publish","hentry","description-off"],"yoast_head":"<!-- This site is optimized with the Yoast SEO plugin v22.1 - https:\/\/yoast.com\/wordpress\/plugins\/seo\/ -->\n<title>TABLE D\u2019H\u00d4TES - Domaine de Perches<\/title>\n<meta name=\"robots\" content=\"index, follow, max-snippet:-1, max-image-preview:large, max-video-preview:-1\" \/>\n<link rel=\"canonical\" href=\"https:\/\/domainedeperches.com\/en\/table-dhotes\/\" \/>\n<meta property=\"og:locale\" content=\"en_US\" \/>\n<meta property=\"og:type\" content=\"article\" \/>\n<meta property=\"og:title\" content=\"TABLE D\u2019H\u00d4TES - Domaine de Perches\" \/>\n<meta property=\"og:description\" content=\"[vc_row css=&#8221;.vc_custom_1695299292361{margin-top: 70px !important;}&#8221;][vc_column width=&#8221;1\/6&#8243;][\/vc_column][vc_column width=&#8221;2\/3&#8243;][vc_empty_space height=&#8221;50px&#8221;][vc_empty_space height=&#8221;25&#8243;][vc_empty_space height=&#8221;25&#8243;][\/vc_column][vc_column width=&#8221;1\/6&#8243;][\/vc_column][\/vc_row][vc_row content_placement=&#8221;middle&#8221; css=&#8221;.vc_custom_1695897582959{margin-top: 70px !important;margin-right: 0px !important;margin-left: 0px !important;padding-bottom: 80px !important;}&#8221;][vc_column parallax=&#8221;content-moving&#8221; parallax_image=&#8221;2757&#8243; width=&#8221;1\/2&#8243; css=&#8221;.vc_custom_1699451390024{margin-top: -60px !important;margin-right: 0px !important;padding-top: 200px !important;padding-right: 400px !important;padding-bottom: 200px !important;padding-left: 400px !important;background-position: center !important;background-repeat: no-repeat !important;background-size: cover !important;}&#8221;][\/vc_column][vc_column width=&#8221;1\/2&#8243; css=&#8221;.vc_custom_1565094314911{padding-top: 140px !important;padding-right: 80px !important;padding-bottom: 130px !important;padding-left: 80px !important;background-color: #ffffff !important;}&#8221;][vc_empty_space height=&#8221;40px&#8221;][vc_empty_space&hellip;\" \/>\n<meta property=\"og:url\" content=\"https:\/\/domainedeperches.com\/en\/table-dhotes\/\" \/>\n<meta property=\"og:site_name\" content=\"Domaine de Perches\" \/>\n<meta property=\"article:publisher\" content=\"https:\/\/www.facebook.com\/Domainedeperches\" \/>\n<meta property=\"article:modified_time\" content=\"2024-01-09T12:39:15+00:00\" \/>\n<meta property=\"og:image\" content=\"https:\/\/domainedeperches.com\/wp-content\/uploads\/2023\/11\/domaine-de-perches-blog.jpg\" \/>\n\t<meta property=\"og:image:width\" content=\"1024\" \/>\n\t<meta property=\"og:image:height\" content=\"639\" \/>\n\t<meta property=\"og:image:type\" content=\"image\/jpeg\" \/>\n<meta name=\"twitter:card\" content=\"summary_large_image\" \/>\n<meta name=\"twitter:label1\" content=\"Est. reading time\" \/>\n\t<meta name=\"twitter:data1\" content=\"5 minutes\" \/>\n<script type=\"application\/ld+json\" class=\"yoast-schema-graph\">{\"@context\":\"https:\/\/schema.org\",\"@graph\":[{\"@type\":\"WebPage\",\"@id\":\"https:\/\/domainedeperches.com\/en\/table-dhotes\/\",\"url\":\"https:\/\/domainedeperches.com\/en\/table-dhotes\/\",\"name\":\"TABLE D\u2019H\u00d4TES - Domaine de Perches\",\"isPartOf\":{\"@id\":\"https:\/\/domainedeperches.com\/en\/#website\"},\"datePublished\":\"2023-11-08T13:39:25+00:00\",\"dateModified\":\"2024-01-09T12:39:15+00:00\",\"breadcrumb\":{\"@id\":\"https:\/\/domainedeperches.com\/en\/table-dhotes\/#breadcrumb\"},\"inLanguage\":\"en-US\",\"potentialAction\":[{\"@type\":\"ReadAction\",\"target\":[\"https:\/\/domainedeperches.com\/en\/table-dhotes\/\"]}]},{\"@type\":\"BreadcrumbList\",\"@id\":\"https:\/\/domainedeperches.com\/en\/table-dhotes\/#breadcrumb\",\"itemListElement\":[{\"@type\":\"ListItem\",\"position\":1,\"name\":\"Home\",\"item\":\"https:\/\/domainedeperches.com\/en\/\"},{\"@type\":\"ListItem\",\"position\":2,\"name\":\"TABLE D\u2019H\u00d4TES\"}]},{\"@type\":\"WebSite\",\"@id\":\"https:\/\/domainedeperches.com\/en\/#website\",\"url\":\"https:\/\/domainedeperches.com\/en\/\",\"name\":\"Domaine de Perches\",\"description\":\"Gite de luxe pr\u00e8s d\u2019Albi dans le Tarn\",\"publisher\":{\"@id\":\"https:\/\/domainedeperches.com\/en\/#organization\"},\"potentialAction\":[{\"@type\":\"SearchAction\",\"target\":{\"@type\":\"EntryPoint\",\"urlTemplate\":\"https:\/\/domainedeperches.com\/en\/?s={search_term_string}\"},\"query-input\":\"required name=search_term_string\"}],\"inLanguage\":\"en-US\"},{\"@type\":\"Organization\",\"@id\":\"https:\/\/domainedeperches.com\/en\/#organization\",\"name\":\"Domaine de Perches\",\"url\":\"https:\/\/domainedeperches.com\/en\/\",\"logo\":{\"@type\":\"ImageObject\",\"inLanguage\":\"en-US\",\"@id\":\"https:\/\/domainedeperches.com\/en\/#\/schema\/logo\/image\/\",\"url\":\"https:\/\/domainedeperches.com\/wp-content\/uploads\/2023\/09\/domaine-de-perches-logo-155x128-1.png\",\"contentUrl\":\"https:\/\/domainedeperches.com\/wp-content\/uploads\/2023\/09\/domaine-de-perches-logo-155x128-1.png\",\"width\":155,\"height\":128,\"caption\":\"Domaine de Perches\"},\"image\":{\"@id\":\"https:\/\/domainedeperches.com\/en\/#\/schema\/logo\/image\/\"},\"sameAs\":[\"https:\/\/www.facebook.com\/Domainedeperches\",\"https:\/\/www.instagram.com\/domainedeperches\/\"]}]}<\/script>\n<!-- \/ Yoast SEO plugin. -->","yoast_head_json":{"title":"TABLE D\u2019H\u00d4TES - Domaine de Perches","robots":{"index":"index","follow":"follow","max-snippet":"max-snippet:-1","max-image-preview":"max-image-preview:large","max-video-preview":"max-video-preview:-1"},"canonical":"https:\/\/domainedeperches.com\/en\/table-dhotes\/","og_locale":"en_US","og_type":"article","og_title":"TABLE D\u2019H\u00d4TES - Domaine de Perches","og_description":"[vc_row css=&#8221;.vc_custom_1695299292361{margin-top: 70px !important;}&#8221;][vc_column width=&#8221;1\/6&#8243;][\/vc_column][vc_column width=&#8221;2\/3&#8243;][vc_empty_space height=&#8221;50px&#8221;][vc_empty_space height=&#8221;25&#8243;][vc_empty_space height=&#8221;25&#8243;][\/vc_column][vc_column width=&#8221;1\/6&#8243;][\/vc_column][\/vc_row][vc_row content_placement=&#8221;middle&#8221; css=&#8221;.vc_custom_1695897582959{margin-top: 70px !important;margin-right: 0px !important;margin-left: 0px !important;padding-bottom: 80px !important;}&#8221;][vc_column parallax=&#8221;content-moving&#8221; parallax_image=&#8221;2757&#8243; width=&#8221;1\/2&#8243; css=&#8221;.vc_custom_1699451390024{margin-top: -60px !important;margin-right: 0px !important;padding-top: 200px !important;padding-right: 400px !important;padding-bottom: 200px !important;padding-left: 400px !important;background-position: center !important;background-repeat: no-repeat !important;background-size: cover !important;}&#8221;][\/vc_column][vc_column width=&#8221;1\/2&#8243; css=&#8221;.vc_custom_1565094314911{padding-top: 140px !important;padding-right: 80px !important;padding-bottom: 130px !important;padding-left: 80px !important;background-color: #ffffff !important;}&#8221;][vc_empty_space height=&#8221;40px&#8221;][vc_empty_space&hellip;","og_url":"https:\/\/domainedeperches.com\/en\/table-dhotes\/","og_site_name":"Domaine de Perches","article_publisher":"https:\/\/www.facebook.com\/Domainedeperches","article_modified_time":"2024-01-09T12:39:15+00:00","og_image":[{"width":1024,"height":639,"url":"https:\/\/domainedeperches.com\/wp-content\/uploads\/2023\/11\/domaine-de-perches-blog.jpg","type":"image\/jpeg"}],"twitter_card":"summary_large_image","twitter_misc":{"Est. reading time":"5 minutes"},"schema":{"@context":"https:\/\/schema.org","@graph":[{"@type":"WebPage","@id":"https:\/\/domainedeperches.com\/en\/table-dhotes\/","url":"https:\/\/domainedeperches.com\/en\/table-dhotes\/","name":"TABLE D\u2019H\u00d4TES - Domaine de Perches","isPartOf":{"@id":"https:\/\/domainedeperches.com\/en\/#website"},"datePublished":"2023-11-08T13:39:25+00:00","dateModified":"2024-01-09T12:39:15+00:00","breadcrumb":{"@id":"https:\/\/domainedeperches.com\/en\/table-dhotes\/#breadcrumb"},"inLanguage":"en-US","potentialAction":[{"@type":"ReadAction","target":["https:\/\/domainedeperches.com\/en\/table-dhotes\/"]}]},{"@type":"BreadcrumbList","@id":"https:\/\/domainedeperches.com\/en\/table-dhotes\/#breadcrumb","itemListElement":[{"@type":"ListItem","position":1,"name":"Home","item":"https:\/\/domainedeperches.com\/en\/"},{"@type":"ListItem","position":2,"name":"TABLE D\u2019H\u00d4TES"}]},{"@type":"WebSite","@id":"https:\/\/domainedeperches.com\/en\/#website","url":"https:\/\/domainedeperches.com\/en\/","name":"Domaine de Perches","description":"Gite de luxe pr\u00e8s d\u2019Albi dans le Tarn","publisher":{"@id":"https:\/\/domainedeperches.com\/en\/#organization"},"potentialAction":[{"@type":"SearchAction","target":{"@type":"EntryPoint","urlTemplate":"https:\/\/domainedeperches.com\/en\/?s={search_term_string}"},"query-input":"required name=search_term_string"}],"inLanguage":"en-US"},{"@type":"Organization","@id":"https:\/\/domainedeperches.com\/en\/#organization","name":"Domaine de Perches","url":"https:\/\/domainedeperches.com\/en\/","logo":{"@type":"ImageObject","inLanguage":"en-US","@id":"https:\/\/domainedeperches.com\/en\/#\/schema\/logo\/image\/","url":"https:\/\/domainedeperches.com\/wp-content\/uploads\/2023\/09\/domaine-de-perches-logo-155x128-1.png","contentUrl":"https:\/\/domainedeperches.com\/wp-content\/uploads\/2023\/09\/domaine-de-perches-logo-155x128-1.png","width":155,"height":128,"caption":"Domaine de Perches"},"image":{"@id":"https:\/\/domainedeperches.com\/en\/#\/schema\/logo\/image\/"},"sameAs":["https:\/\/www.facebook.com\/Domainedeperches","https:\/\/www.instagram.com\/domainedeperches\/"]}]}},"_links":{"self":[{"href":"https:\/\/domainedeperches.com\/en\/wp-json\/wp\/v2\/pages\/3388","targetHints":{"allow":["GET"]}}],"collection":[{"href":"https:\/\/domainedeperches.com\/en\/wp-json\/wp\/v2\/pages"}],"about":[{"href":"https:\/\/domainedeperches.com\/en\/wp-json\/wp\/v2\/types\/page"}],"author":[{"embeddable":true,"href":"https:\/\/domainedeperches.com\/en\/wp-json\/wp\/v2\/users\/1"}],"replies":[{"embeddable":true,"href":"https:\/\/domainedeperches.com\/en\/wp-json\/wp\/v2\/comments?post=3388"}],"version-history":[{"count":5,"href":"https:\/\/domainedeperches.com\/en\/wp-json\/wp\/v2\/pages\/3388\/revisions"}],"predecessor-version":[{"id":3555,"href":"https:\/\/domainedeperches.com\/en\/wp-json\/wp\/v2\/pages\/3388\/revisions\/3555"}],"wp:attachment":[{"href":"https:\/\/domainedeperches.com\/en\/wp-json\/wp\/v2\/media?parent=3388"}],"curies":[{"name":"wp","href":"https:\/\/api.w.org\/{rel}","templated":true}]}}